{"id":975,"date":"2017-03-23T08:29:34","date_gmt":"2017-03-23T08:29:34","guid":{"rendered":"http:\/\/yarnart.infoo\/?page_id=975"},"modified":"2017-03-23T08:29:34","modified_gmt":"2017-03-23T08:29:34","slug":"blog-post","status":"publish","type":"page","link":"https:\/\/yarnart.info\/en\/blog-post\/","title":{"rendered":"Blog Post"},"content":{"rendered":"<div class=\"wpb-content-wrapper\">\t<div  class=\"vc_row wpb_row vc_row-fluid vc_custom_1490319870463 ftc-row-wide\"   ><div class=\"wpb_column vc_column_container vc_col-sm-12\"><div class=\"wpb_wrapper\"><div class=\"ftc-heading heading-1 style-1\"><h1>From the blog<\/h1><\/div>\t\t\t\t<div class =\"date-timeline\">14 April 2026<\/div>\n\t\t\t\t<div class=\"ftc-sb-blogs ftc-shortcode\" data-atts=\"{&quot;title&quot;:&quot;&quot;,&quot;columns&quot;:2,&quot;categories&quot;:&quot;&quot;,&quot;per_page&quot;:&quot;4&quot;,&quot;orderby&quot;:&quot;none&quot;,&quot;order&quot;:&quot;DESC&quot;,&quot;style&quot;:1,&quot;show_title&quot;:&quot;1&quot;,&quot;show_thumbnail&quot;:&quot;1&quot;,&quot;show_author&quot;:&quot;0&quot;,&quot;show_date&quot;:&quot;1&quot;,&quot;show_comment&quot;:&quot;1&quot;,&quot;show_excerpt&quot;:&quot;1&quot;,&quot;show_readmore&quot;:&quot;1&quot;,&quot;show_view&quot;:1,&quot;excerpt_words&quot;:110,&quot;is_slider&quot;:0,&quot;show_nav&quot;:&quot;1&quot;,&quot;auto_play&quot;:&quot;1&quot;,&quot;margin&quot;:30,&quot;is_masonry&quot;:0,&quot;show_load_more&quot;:&quot;0&quot;,&quot;desksmall_items&quot;:&quot;1&quot;,&quot;tablet_items&quot;:&quot;1&quot;,&quot;tabletmini_items&quot;:&quot;1&quot;,&quot;mobile_items&quot;:&quot;1&quot;,&quot;mobilesmall_items&quot;:&quot;1&quot;}\" >\n\t\t\t\t\t\t\t\t\t\t<div class=\"meta-slider\">\n\t\t\t\t\t\t<div class=\"blogs  owl-carousel\">\n\t\t\t\t\t\t\t\t\t\t\t\t<article class=\"post-wrapper  col-sm-6 first-child\">\t <div class=\"date-time-line\">\n\t\t\t\t\t\t\n\t\t\t\t\t\t<span>10<\/span>\n\t\t\t\t\t\t<span>Oct<\/span>\n\t\t\t\t\t<\/div>\n\t\t\t\t\t<header class=\"post-img\">\n\t\t\t\t\t\t\t\t\t\t\t\t\t\t\t\t\t\t\t\t\t<a class=\"blog-image\" href=\"https:\/\/yarnart.info\/en\/the-best-blog-post-dummy-title-2020-2\/\">\n\t\t\t\t\t\t\t\t\t<img loading=\"lazy\" decoding=\"async\" width=\"370\" height=\"250\" src=\"https:\/\/yarnart.info\/wp-content\/uploads\/2020\/10\/blog2.png\" class=\"attachment-ftc_blog_shortcode_thumb size-ftc_blog_shortcode_thumb wp-post-image\" alt=\"\" srcset=\"https:\/\/yarnart.info\/wp-content\/uploads\/2020\/10\/blog2.png 370w, https:\/\/yarnart.info\/wp-content\/uploads\/2020\/10\/blog2-300x203.png 300w\" sizes=\"auto, (max-width: 370px) 100vw, 370px\" \/>\t\t\t\t\t\t\t\t<\/a>\n\n\n\t\t\t\t\t\t\t\t\t\t\t\t\t\t\t\t\t\t\t\t\t<div class=\"date-time\">\n\t\t\t\t\t\t\t\t<span>Oct<\/span>\n\t\t\t\t\t\t\t\t<span>10<\/span>\n\t\t\t\t\t\t\t<\/div>\n\t\t\t\t\t\t\t\t\t\t\t<\/header>\n\n\t\t\t\t\t\t\t\t\t\t\t\n\t\t\t\t\t\t\n\n\t\t\t\t\t\t<div class=\"post-info\">\t\n\t\t\t\t\t\t\t<!-- Blog Date -->\n\t\t\t\t\t\t\t<div class=\"date\">\n\t\t\t\t\t\t\t\t\t\t\t\t\t\t\t\t\t<div class=\"date-time\">\n\t\t\t\t\t\t\t\t\t\t<span>Oct<\/span>\n\t\t\t\t\t\t\t\t\t\t<span>10<\/span>\n\t\t\t\t\t\t\t\t\t<\/div>\n\t\t\t\t\t\t\t\t\t\t\t\t\t\t\t<\/div>\t\n\t\t\t\t\t\t\t<div class=\"entry-body\">\t\t\n\t\t\t\t\t\t\t\t<header class=\"entry-header\">\n\t\t\t\t\t\t\t\t\t<!-- Blog Title -->\n\t\t\t\t\t\t\t\t\t\t\t\t\t\t\t\t\t\t\t<h3 class=\"product_title blog-title entry-title\"><a href=\"https:\/\/yarnart.info\/en\/the-best-blog-post-dummy-title-2020-2\/\">YarnArt yeni \u00fcr\u00fcnlerini tan\u0131tt\u0131!<\/a><\/h3>\n\t\t\t\t\t\t\t\t\t\t\t\t\t\t\t\t\t\t<!-- Blog Author -->\n\t\t\t\t\t\t\t\t\t\t\t\t\t\t\t\t\t\t<!-- Blog Date Time -->\n\t\t\t\t\t\t\t\t\t\t\t\t\t\t\t\t\t\t\t<div class=\"date-time date-time-meta home7\">\n\t\t\t\t\t\t\t\t\t\t\t<span>\/<\/span> 10 October 2020\n\t\t\t\t\t\t\t\t\t\t<\/div>\n\t\t\t\t\t\t\t\t\t\t\t\t\t\t\t\t\t\t<!-- Blog view -->\n\t\t\t\t\t\t\t\t\t\t\t\t\t\t\t\t\t\t\t<span class=\"count-view home21\">View: 90265<\/span>\n\t\t\t\t\t\t\t\t\t\n\t\t\t\t\t\t\t\t\t\t\t\t\t\t\t\t\t\t<!-- Blog Categories -->\n\t\t\t\t\t\t\t\t\t\t\t\t\t\t\t\t\t\t\t<div class=\"caftc-link\">\n\t\t\t\t\t\t\t\t\t\t\t<span>Categories: <\/span>\n\t\t\t\t\t\t\t\t\t\t\t<span class=\"cat-links\"><a href=\"https:\/\/yarnart.info\/en\/category\/genel\/\" rel=\"category tag\">Genel<\/a><\/span>\n\t\t\t\t\t\t\t\t\t\t<\/div>\n\t\t\t\t\t\t\t\t\t\t\t\t\t\t\t\t\t<\/header>\n\t\t\t\t\t\t\t\t<div class=\"clear\"><\/div>\n\t\t\t\t\t\t\t\t<div class=\"entry-info\">\n\t\t\t\t\t\t\t\t\t<!-- Blog Author -->\n\t\t\t\t\t\t\t\t\t\t\t\t\t\t\t\t\t\t<!-- Blog view -->\n\t\t\t\t\t\t\t\t\t\t\t\t\t\t\t\t\t\t\t<span class=\"count-view\">View: 90265<\/span>\n\t\t\t\t\t\t\t\t\t\t\t\t\t\t\t\t\t<\/div>\n\t\t\t\t\t\t\t\t\t\t\t\t\t\t\t\t\t\n\t\t\t\t\t\t\t\t\t\t\t\t\t\t\t\t\t\t<div class=\"entry-content\"><p><p>Lorem Ipsum\u00a0is simply dummy text of the printing and typesetting industry. Lorem Ipsum has been the indust<\/p><\/div>\n\t\t\t\t\t\t\t\t\t\t\t\t\t\t\t\t\n\t\t\t\t\t\t\t\t\t\t\t\t\t\t\t\t\t<div class=\"group-button-blog\">\n\t\t\t\t\t\t\t\t\t\t<a href=\"https:\/\/yarnart.info\/en\/the-best-blog-post-dummy-title-2020-2\/\" class=\"button-readmore\">Read More<\/a>\n\t\t\t\t\t\t\t\t\t\t<div class=\"share-blog\">\n\t\t\t\t\t\t\t\t\t\t\t<i class=\"fa fa-recycle\" ><\/i>\n\t\t\t\t\t\t\t\t\t\t\t<ul class=\"ftc-social-sharing\">\n\t\t\t\t\t\t\t\t\t\t\t\t<li class=\"facebook\">\n\t\t\t\t\t\t\t\t\t\t\t\t\t<a href=\"https:\/\/www.facebook.com\/sharer.php?u=https:\/\/yarnart.info\/en\/the-best-blog-post-dummy-title-2020-2\/\" target=\"_blank\"><i class=\"fa fa-facebook\"><\/i> Share<\/a>\n\t\t\t\t\t\t\t\t\t\t\t\t<\/li>\n\t\t\t\t\t\t\t\t\t\t\t\t<li class=\"twitter\">\n\t\t\t\t\t\t\t\t\t\t\t\t\t<a href=\"https:\/\/twitter.com\/share?url=https:\/\/yarnart.info\/en\/the-best-blog-post-dummy-title-2020-2\/\" target=\"_blank\"><i class=\"fa fa-twitter\"><\/i> Tweet<\/a>\n\t\t\t\t\t\t\t\t\t\t\t\t<\/li>\n\n\t\t\t\t\t\t\t\t\t\t\t\t<li class=\"google-plus\">\n\t\t\t\t\t\t\t\t\t\t\t\t\t<a href=\"https:\/\/plus.google.com\/share?url=https:\/\/yarnart.info\/en\/the-best-blog-post-dummy-title-2020-2\/\" target=\"_blank\"><i class=\"fa fa-google-plus\"><\/i> Google+<\/a>\n\t\t\t\t\t\t\t\t\t\t\t\t<\/li>\n\n\t\t\t\t\t\t\t\t\t\t\t\t<li class=\"pinterest\">\n\t\t\t\t\t\t\t\t\t\t\t\t\t\t\t\t\t\t\t\t\t\t\t\t\t\t<a href=\"https:\/\/pinterest.com\/pin\/create\/button\/?url=https:\/\/yarnart.info\/en\/the-best-blog-post-dummy-title-2020-2\/&amp;media=https:\/\/yarnart.info\/wp-content\/uploads\/2020\/10\/blog2.png\" target=\"_blank\"><i class=\"fa fa-pinterest\"><\/i> Pinterest<\/a>\n\t\t\t\t\t\t\t\t\t\t\t\t<\/li>\n\n\t\t\t\t\t\t\t\t\t\t\t<\/ul>\n\t\t\t\t\t\t\t\t\t\t<\/div>\n\t\t\t\t\t\t\t\t\t<\/div>\n\t\t\t\t\t\t\t\t\t\n\t\t\t\t\t\t\t\t\t\t\t\t\t\t\t<\/div>\n\t\t\t\t\t\t<\/div>\n\n\t\t\t\t\t\n\t\t\t\t<\/article>\n\t\t\t\t\t\t\t\t\t<article class=\"post-wrapper  col-sm-6 last-child\">\t <div class=\"date-time-line\">\n\t\t\t\t\t\t\n\t\t\t\t\t\t<span>10<\/span>\n\t\t\t\t\t\t<span>Oct<\/span>\n\t\t\t\t\t<\/div>\n\t\t\t\t\t<header class=\"post-img\">\n\t\t\t\t\t\t\t\t\t\t\t\t\t\t\t\t\t\t\t\t\t<a class=\"blog-image\" href=\"https:\/\/yarnart.info\/en\/the-best-blog-post-dummy-title-2020-3\/\">\n\t\t\t\t\t\t\t\t\t<img loading=\"lazy\" decoding=\"async\" width=\"370\" height=\"250\" src=\"https:\/\/yarnart.info\/wp-content\/uploads\/2020\/10\/blog3-1.jpg\" class=\"attachment-ftc_blog_shortcode_thumb size-ftc_blog_shortcode_thumb wp-post-image\" alt=\"\" srcset=\"https:\/\/yarnart.info\/wp-content\/uploads\/2020\/10\/blog3-1.jpg 370w, https:\/\/yarnart.info\/wp-content\/uploads\/2020\/10\/blog3-1-300x203.jpg 300w\" sizes=\"auto, (max-width: 370px) 100vw, 370px\" \/>\t\t\t\t\t\t\t\t<\/a>\n\n\n\t\t\t\t\t\t\t\t\t\t\t\t\t\t\t\t\t\t\t\t\t<div class=\"date-time\">\n\t\t\t\t\t\t\t\t<span>Oct<\/span>\n\t\t\t\t\t\t\t\t<span>10<\/span>\n\t\t\t\t\t\t\t<\/div>\n\t\t\t\t\t\t\t\t\t\t\t<\/header>\n\n\t\t\t\t\t\t\t\t\t\t\t\n\t\t\t\t\t\t\n\n\t\t\t\t\t\t<div class=\"post-info\">\t\n\t\t\t\t\t\t\t<!-- Blog Date -->\n\t\t\t\t\t\t\t<div class=\"date\">\n\t\t\t\t\t\t\t\t\t\t\t\t\t\t\t\t\t<div class=\"date-time\">\n\t\t\t\t\t\t\t\t\t\t<span>Oct<\/span>\n\t\t\t\t\t\t\t\t\t\t<span>10<\/span>\n\t\t\t\t\t\t\t\t\t<\/div>\n\t\t\t\t\t\t\t\t\t\t\t\t\t\t\t<\/div>\t\n\t\t\t\t\t\t\t<div class=\"entry-body\">\t\t\n\t\t\t\t\t\t\t\t<header class=\"entry-header\">\n\t\t\t\t\t\t\t\t\t<!-- Blog Title -->\n\t\t\t\t\t\t\t\t\t\t\t\t\t\t\t\t\t\t\t<h3 class=\"product_title blog-title entry-title\"><a href=\"https:\/\/yarnart.info\/en\/the-best-blog-post-dummy-title-2020-3\/\">YarnArt yeni \u00fcr\u00fcnlerini tan\u0131tt\u0131!<\/a><\/h3>\n\t\t\t\t\t\t\t\t\t\t\t\t\t\t\t\t\t\t<!-- Blog Author -->\n\t\t\t\t\t\t\t\t\t\t\t\t\t\t\t\t\t\t<!-- Blog Date Time -->\n\t\t\t\t\t\t\t\t\t\t\t\t\t\t\t\t\t\t\t<div class=\"date-time date-time-meta home7\">\n\t\t\t\t\t\t\t\t\t\t\t<span>\/<\/span> 10 October 2020\n\t\t\t\t\t\t\t\t\t\t<\/div>\n\t\t\t\t\t\t\t\t\t\t\t\t\t\t\t\t\t\t<!-- Blog view -->\n\t\t\t\t\t\t\t\t\t\t\t\t\t\t\t\t\t\t\t<span class=\"count-view home21\">View: 90891<\/span>\n\t\t\t\t\t\t\t\t\t\n\t\t\t\t\t\t\t\t\t\t\t\t\t\t\t\t\t\t<!-- Blog Categories -->\n\t\t\t\t\t\t\t\t\t\t\t\t\t\t\t\t\t\t\t<div class=\"caftc-link\">\n\t\t\t\t\t\t\t\t\t\t\t<span>Categories: <\/span>\n\t\t\t\t\t\t\t\t\t\t\t<span class=\"cat-links\"><a href=\"https:\/\/yarnart.info\/en\/category\/genel\/\" rel=\"category tag\">Genel<\/a><\/span>\n\t\t\t\t\t\t\t\t\t\t<\/div>\n\t\t\t\t\t\t\t\t\t\t\t\t\t\t\t\t\t<\/header>\n\t\t\t\t\t\t\t\t<div class=\"clear\"><\/div>\n\t\t\t\t\t\t\t\t<div class=\"entry-info\">\n\t\t\t\t\t\t\t\t\t<!-- Blog Author -->\n\t\t\t\t\t\t\t\t\t\t\t\t\t\t\t\t\t\t<!-- Blog view -->\n\t\t\t\t\t\t\t\t\t\t\t\t\t\t\t\t\t\t\t<span class=\"count-view\">View: 90891<\/span>\n\t\t\t\t\t\t\t\t\t\t\t\t\t\t\t\t\t<\/div>\n\t\t\t\t\t\t\t\t\t\t\t\t\t\t\t\t\t\n\t\t\t\t\t\t\t\t\t\t\t\t\t\t\t\t\t\t<div class=\"entry-content\"><p>Lorem Ipsum\u00a0is simply dummy text of the printing and typesetting industry. Lorem Ipsum has been the industry'<\/p><\/div>\n\t\t\t\t\t\t\t\t\t\t\t\t\t\t\t\t\n\t\t\t\t\t\t\t\t\t\t\t\t\t\t\t\t\t<div class=\"group-button-blog\">\n\t\t\t\t\t\t\t\t\t\t<a href=\"https:\/\/yarnart.info\/en\/the-best-blog-post-dummy-title-2020-3\/\" class=\"button-readmore\">Read More<\/a>\n\t\t\t\t\t\t\t\t\t\t<div class=\"share-blog\">\n\t\t\t\t\t\t\t\t\t\t\t<i class=\"fa fa-recycle\" ><\/i>\n\t\t\t\t\t\t\t\t\t\t\t<ul class=\"ftc-social-sharing\">\n\t\t\t\t\t\t\t\t\t\t\t\t<li class=\"facebook\">\n\t\t\t\t\t\t\t\t\t\t\t\t\t<a href=\"https:\/\/www.facebook.com\/sharer.php?u=https:\/\/yarnart.info\/en\/the-best-blog-post-dummy-title-2020-3\/\" target=\"_blank\"><i class=\"fa fa-facebook\"><\/i> Share<\/a>\n\t\t\t\t\t\t\t\t\t\t\t\t<\/li>\n\t\t\t\t\t\t\t\t\t\t\t\t<li class=\"twitter\">\n\t\t\t\t\t\t\t\t\t\t\t\t\t<a href=\"https:\/\/twitter.com\/share?url=https:\/\/yarnart.info\/en\/the-best-blog-post-dummy-title-2020-3\/\" target=\"_blank\"><i class=\"fa fa-twitter\"><\/i> Tweet<\/a>\n\t\t\t\t\t\t\t\t\t\t\t\t<\/li>\n\n\t\t\t\t\t\t\t\t\t\t\t\t<li class=\"google-plus\">\n\t\t\t\t\t\t\t\t\t\t\t\t\t<a href=\"https:\/\/plus.google.com\/share?url=https:\/\/yarnart.info\/en\/the-best-blog-post-dummy-title-2020-3\/\" target=\"_blank\"><i class=\"fa fa-google-plus\"><\/i> Google+<\/a>\n\t\t\t\t\t\t\t\t\t\t\t\t<\/li>\n\n\t\t\t\t\t\t\t\t\t\t\t\t<li class=\"pinterest\">\n\t\t\t\t\t\t\t\t\t\t\t\t\t\t\t\t\t\t\t\t\t\t\t\t\t\t<a href=\"https:\/\/pinterest.com\/pin\/create\/button\/?url=https:\/\/yarnart.info\/en\/the-best-blog-post-dummy-title-2020-3\/&amp;media=https:\/\/yarnart.info\/wp-content\/uploads\/2020\/10\/blog3-1.jpg\" target=\"_blank\"><i class=\"fa fa-pinterest\"><\/i> Pinterest<\/a>\n\t\t\t\t\t\t\t\t\t\t\t\t<\/li>\n\n\t\t\t\t\t\t\t\t\t\t\t<\/ul>\n\t\t\t\t\t\t\t\t\t\t<\/div>\n\t\t\t\t\t\t\t\t\t<\/div>\n\t\t\t\t\t\t\t\t\t\n\t\t\t\t\t\t\t\t\t\t\t\t\t\t\t<\/div>\n\t\t\t\t\t\t<\/div>\n\n\t\t\t\t\t\n\t\t\t\t<\/article>\n\t\t\t\t\t\t\t\t\t<article class=\"post-wrapper  col-sm-6 first-child\">\t <div class=\"date-time-line\">\n\t\t\t\t\t\t\n\t\t\t\t\t\t<span>05<\/span>\n\t\t\t\t\t\t<span>May<\/span>\n\t\t\t\t\t<\/div>\n\t\t\t\t\t<header class=\"post-img\">\n\t\t\t\t\t\t\t\t\t\t\t\t\t\t\t\t\t\t\t\t\t<a class=\"blog-image\" href=\"https:\/\/yarnart.info\/en\/merhaba-dunya\/\">\n\t\t\t\t\t\t\t\t\t<img loading=\"lazy\" decoding=\"async\" width=\"370\" height=\"250\" src=\"https:\/\/yarnart.info\/wp-content\/uploads\/2021\/05\/blog1.png\" class=\"attachment-ftc_blog_shortcode_thumb size-ftc_blog_shortcode_thumb wp-post-image\" alt=\"\" srcset=\"https:\/\/yarnart.info\/wp-content\/uploads\/2021\/05\/blog1.png 370w, https:\/\/yarnart.info\/wp-content\/uploads\/2021\/05\/blog1-300x203.png 300w\" sizes=\"auto, (max-width: 370px) 100vw, 370px\" \/>\t\t\t\t\t\t\t\t<\/a>\n\n\n\t\t\t\t\t\t\t\t\t\t\t\t\t\t\t\t\t\t\t\t\t<div class=\"date-time\">\n\t\t\t\t\t\t\t\t<span>May<\/span>\n\t\t\t\t\t\t\t\t<span>05<\/span>\n\t\t\t\t\t\t\t<\/div>\n\t\t\t\t\t\t\t\t\t\t\t<\/header>\n\n\t\t\t\t\t\t\t\t\t\t\t\n\t\t\t\t\t\t\n\n\t\t\t\t\t\t<div class=\"post-info\">\t\n\t\t\t\t\t\t\t<!-- Blog Date -->\n\t\t\t\t\t\t\t<div class=\"date\">\n\t\t\t\t\t\t\t\t\t\t\t\t\t\t\t\t\t<div class=\"date-time\">\n\t\t\t\t\t\t\t\t\t\t<span>May<\/span>\n\t\t\t\t\t\t\t\t\t\t<span>05<\/span>\n\t\t\t\t\t\t\t\t\t<\/div>\n\t\t\t\t\t\t\t\t\t\t\t\t\t\t\t<\/div>\t\n\t\t\t\t\t\t\t<div class=\"entry-body\">\t\t\n\t\t\t\t\t\t\t\t<header class=\"entry-header\">\n\t\t\t\t\t\t\t\t\t<!-- Blog Title -->\n\t\t\t\t\t\t\t\t\t\t\t\t\t\t\t\t\t\t\t<h3 class=\"product_title blog-title entry-title\"><a href=\"https:\/\/yarnart.info\/en\/merhaba-dunya\/\">YarnArt yeni \u00fcr\u00fcnlerini tan\u0131tt\u0131!<\/a><\/h3>\n\t\t\t\t\t\t\t\t\t\t\t\t\t\t\t\t\t\t<!-- Blog Author -->\n\t\t\t\t\t\t\t\t\t\t\t\t\t\t\t\t\t\t<!-- Blog Date Time -->\n\t\t\t\t\t\t\t\t\t\t\t\t\t\t\t\t\t\t\t<div class=\"date-time date-time-meta home7\">\n\t\t\t\t\t\t\t\t\t\t\t<span>\/<\/span> 5 May 2021\n\t\t\t\t\t\t\t\t\t\t<\/div>\n\t\t\t\t\t\t\t\t\t\t\t\t\t\t\t\t\t\t<!-- Blog view -->\n\t\t\t\t\t\t\t\t\t\t\t\t\t\t\t\t\t\t\t<span class=\"count-view home21\">View: 91262<\/span>\n\t\t\t\t\t\t\t\t\t\n\t\t\t\t\t\t\t\t\t\t\t\t\t\t\t\t\t\t<!-- Blog Categories -->\n\t\t\t\t\t\t\t\t\t\t\t\t\t\t\t\t\t\t\t<div class=\"caftc-link\">\n\t\t\t\t\t\t\t\t\t\t\t<span>Categories: <\/span>\n\t\t\t\t\t\t\t\t\t\t\t<span class=\"cat-links\"><a href=\"https:\/\/yarnart.info\/en\/category\/genel\/\" rel=\"category tag\">Genel<\/a><\/span>\n\t\t\t\t\t\t\t\t\t\t<\/div>\n\t\t\t\t\t\t\t\t\t\t\t\t\t\t\t\t\t<\/header>\n\t\t\t\t\t\t\t\t<div class=\"clear\"><\/div>\n\t\t\t\t\t\t\t\t<div class=\"entry-info\">\n\t\t\t\t\t\t\t\t\t<!-- Blog Author -->\n\t\t\t\t\t\t\t\t\t\t\t\t\t\t\t\t\t\t<!-- Blog view -->\n\t\t\t\t\t\t\t\t\t\t\t\t\t\t\t\t\t\t\t<span class=\"count-view\">View: 91262<\/span>\n\t\t\t\t\t\t\t\t\t\t\t\t\t\t\t\t\t<\/div>\n\t\t\t\t\t\t\t\t\t\t\t\t\t\t\t\t\t\n\t\t\t\t\t\t\t\t\t\t\t\t\t\t\t\t\t\t<div class=\"entry-content\"><p><!-- wp:paragraph -->\r\n<p>Lorem Ipsum is simply dummy text of the printing and typesetting industry. Lorem Ips<\/p><\/div>\n\t\t\t\t\t\t\t\t\t\t\t\t\t\t\t\t\n\t\t\t\t\t\t\t\t\t\t\t\t\t\t\t\t\t<div class=\"group-button-blog\">\n\t\t\t\t\t\t\t\t\t\t<a href=\"https:\/\/yarnart.info\/en\/merhaba-dunya\/\" class=\"button-readmore\">Read More<\/a>\n\t\t\t\t\t\t\t\t\t\t<div class=\"share-blog\">\n\t\t\t\t\t\t\t\t\t\t\t<i class=\"fa fa-recycle\" ><\/i>\n\t\t\t\t\t\t\t\t\t\t\t<ul class=\"ftc-social-sharing\">\n\t\t\t\t\t\t\t\t\t\t\t\t<li class=\"facebook\">\n\t\t\t\t\t\t\t\t\t\t\t\t\t<a href=\"https:\/\/www.facebook.com\/sharer.php?u=https:\/\/yarnart.info\/en\/merhaba-dunya\/\" target=\"_blank\"><i class=\"fa fa-facebook\"><\/i> Share<\/a>\n\t\t\t\t\t\t\t\t\t\t\t\t<\/li>\n\t\t\t\t\t\t\t\t\t\t\t\t<li class=\"twitter\">\n\t\t\t\t\t\t\t\t\t\t\t\t\t<a href=\"https:\/\/twitter.com\/share?url=https:\/\/yarnart.info\/en\/merhaba-dunya\/\" target=\"_blank\"><i class=\"fa fa-twitter\"><\/i> Tweet<\/a>\n\t\t\t\t\t\t\t\t\t\t\t\t<\/li>\n\n\t\t\t\t\t\t\t\t\t\t\t\t<li class=\"google-plus\">\n\t\t\t\t\t\t\t\t\t\t\t\t\t<a href=\"https:\/\/plus.google.com\/share?url=https:\/\/yarnart.info\/en\/merhaba-dunya\/\" target=\"_blank\"><i class=\"fa fa-google-plus\"><\/i> Google+<\/a>\n\t\t\t\t\t\t\t\t\t\t\t\t<\/li>\n\n\t\t\t\t\t\t\t\t\t\t\t\t<li class=\"pinterest\">\n\t\t\t\t\t\t\t\t\t\t\t\t\t\t\t\t\t\t\t\t\t\t\t\t\t\t<a href=\"https:\/\/pinterest.com\/pin\/create\/button\/?url=https:\/\/yarnart.info\/en\/merhaba-dunya\/&amp;media=https:\/\/yarnart.info\/wp-content\/uploads\/2021\/05\/blog1.png\" target=\"_blank\"><i class=\"fa fa-pinterest\"><\/i> Pinterest<\/a>\n\t\t\t\t\t\t\t\t\t\t\t\t<\/li>\n\n\t\t\t\t\t\t\t\t\t\t\t<\/ul>\n\t\t\t\t\t\t\t\t\t\t<\/div>\n\t\t\t\t\t\t\t\t\t<\/div>\n\t\t\t\t\t\t\t\t\t\n\t\t\t\t\t\t\t\t\t\t\t\t\t\t\t<\/div>\n\t\t\t\t\t\t<\/div>\n\n\t\t\t\t\t\n\t\t\t\t<\/article>\n\t\t\t\t\t\t\t\t\t\t<\/div>\n\t\t\t\t\t\t\t\t\t\t\t<\/div>\n\t\t\t\t<\/div>\n\t\t\t\t<\/div><\/div><\/div>\n<\/div>","protected":false},"excerpt":{"rendered":"Lorem Ipsum is simply dummy text of the printing and typesetting industry. Lorem Ipsum has been the industry's standard dummy text ever since the 1500s, when an unknown printer took a galley of type and scrambled it to make a type specimen book. It has survived not only five centuries, but also the leap into &hellip; <p class=\"link-more\"><a href=\"https:\/\/yarnart.info\/en\/merhaba-dunya\/\" class=\"more-link\">Continue reading<span class=\"screen-reader-text\"> \"YarnArt yeni \u00fcr\u00fcnlerini tan\u0131tt\u0131!\"<\/span><\/a><\/p>","protected":false},"author":1,"featured_media":0,"parent":0,"menu_order":0,"comment_status":"closed","ping_status":"closed","template":"","meta":{"inline_featured_image":false,"footnotes":""},"class_list":["post-975","page","type-page","status-publish","hentry"],"yoast_head":"<!-- This site is optimized with the Yoast SEO plugin v26.7 - https:\/\/yoast.com\/wordpress\/plugins\/seo\/ -->\n<title>Blog Post - YarnArt<\/title>\n<meta name=\"robots\" content=\"index, follow, max-snippet:-1, max-image-preview:large, max-video-preview:-1\" \/>\n<link rel=\"canonical\" href=\"https:\/\/yarnart.info\/en\/blog-post\/\" \/>\n<meta property=\"og:locale\" content=\"en_GB\" \/>\n<meta property=\"og:type\" content=\"article\" \/>\n<meta property=\"og:title\" content=\"Blog Post - YarnArt\" \/>\n<meta property=\"og:url\" content=\"https:\/\/yarnart.info\/en\/blog-post\/\" \/>\n<meta property=\"og:site_name\" content=\"YarnArt\" \/>\n<meta name=\"twitter:card\" content=\"summary_large_image\" \/>\n<script type=\"application\/ld+json\" class=\"yoast-schema-graph\">{\"@context\":\"https:\/\/schema.org\",\"@graph\":[{\"@type\":\"WebPage\",\"@id\":\"https:\/\/yarnart.info\/blog-post\/\",\"url\":\"https:\/\/yarnart.info\/blog-post\/\",\"name\":\"Blog Post - YarnArt\",\"isPartOf\":{\"@id\":\"https:\/\/yarnart.info\/#website\"},\"datePublished\":\"2017-03-23T08:29:34+00:00\",\"breadcrumb\":{\"@id\":\"https:\/\/yarnart.info\/blog-post\/#breadcrumb\"},\"inLanguage\":\"en-GB\",\"potentialAction\":[{\"@type\":\"ReadAction\",\"target\":[\"https:\/\/yarnart.info\/blog-post\/\"]}]},{\"@type\":\"BreadcrumbList\",\"@id\":\"https:\/\/yarnart.info\/blog-post\/#breadcrumb\",\"itemListElement\":[{\"@type\":\"ListItem\",\"position\":1,\"name\":\"Anasayfa\",\"item\":\"https:\/\/yarnart.info\/\"},{\"@type\":\"ListItem\",\"position\":2,\"name\":\"Blog Post\"}]},{\"@type\":\"WebSite\",\"@id\":\"https:\/\/yarnart.info\/#website\",\"url\":\"https:\/\/yarnart.info\/\",\"name\":\"YarnArt\",\"description\":\"\",\"potentialAction\":[{\"@type\":\"SearchAction\",\"target\":{\"@type\":\"EntryPoint\",\"urlTemplate\":\"https:\/\/yarnart.info\/?s={search_term_string}\"},\"query-input\":{\"@type\":\"PropertyValueSpecification\",\"valueRequired\":true,\"valueName\":\"search_term_string\"}}],\"inLanguage\":\"en-GB\"}]}<\/script>\n<!-- \/ Yoast SEO plugin. -->","yoast_head_json":{"title":"Blog Post - YarnArt","robots":{"index":"index","follow":"follow","max-snippet":"max-snippet:-1","max-image-preview":"max-image-preview:large","max-video-preview":"max-video-preview:-1"},"canonical":"https:\/\/yarnart.info\/en\/blog-post\/","og_locale":"en_GB","og_type":"article","og_title":"Blog Post - YarnArt","og_url":"https:\/\/yarnart.info\/en\/blog-post\/","og_site_name":"YarnArt","twitter_card":"summary_large_image","schema":{"@context":"https:\/\/schema.org","@graph":[{"@type":"WebPage","@id":"https:\/\/yarnart.info\/blog-post\/","url":"https:\/\/yarnart.info\/blog-post\/","name":"Blog Post - YarnArt","isPartOf":{"@id":"https:\/\/yarnart.info\/#website"},"datePublished":"2017-03-23T08:29:34+00:00","breadcrumb":{"@id":"https:\/\/yarnart.info\/blog-post\/#breadcrumb"},"inLanguage":"en-GB","potentialAction":[{"@type":"ReadAction","target":["https:\/\/yarnart.info\/blog-post\/"]}]},{"@type":"BreadcrumbList","@id":"https:\/\/yarnart.info\/blog-post\/#breadcrumb","itemListElement":[{"@type":"ListItem","position":1,"name":"Anasayfa","item":"https:\/\/yarnart.info\/"},{"@type":"ListItem","position":2,"name":"Blog Post"}]},{"@type":"WebSite","@id":"https:\/\/yarnart.info\/#website","url":"https:\/\/yarnart.info\/","name":"YarnArt","description":"","potentialAction":[{"@type":"SearchAction","target":{"@type":"EntryPoint","urlTemplate":"https:\/\/yarnart.info\/?s={search_term_string}"},"query-input":{"@type":"PropertyValueSpecification","valueRequired":true,"valueName":"search_term_string"}}],"inLanguage":"en-GB"}]}},"_links":{"self":[{"href":"https:\/\/yarnart.info\/en\/wp-json\/wp\/v2\/pages\/975","targetHints":{"allow":["GET"]}}],"collection":[{"href":"https:\/\/yarnart.info\/en\/wp-json\/wp\/v2\/pages"}],"about":[{"href":"https:\/\/yarnart.info\/en\/wp-json\/wp\/v2\/types\/page"}],"author":[{"embeddable":true,"href":"https:\/\/yarnart.info\/en\/wp-json\/wp\/v2\/users\/1"}],"replies":[{"embeddable":true,"href":"https:\/\/yarnart.info\/en\/wp-json\/wp\/v2\/comments?post=975"}],"version-history":[{"count":0,"href":"https:\/\/yarnart.info\/en\/wp-json\/wp\/v2\/pages\/975\/revisions"}],"wp:attachment":[{"href":"https:\/\/yarnart.info\/en\/wp-json\/wp\/v2\/media?parent=975"}],"curies":[{"name":"wp","href":"https:\/\/api.w.org\/{rel}","templated":true}]}}