{"id":3935,"date":"2018-11-20T03:51:30","date_gmt":"2018-11-20T03:51:30","guid":{"rendered":"http:\/\/yarnart.infoo\/?page_id=3935"},"modified":"2018-11-20T03:51:30","modified_gmt":"2018-11-20T03:51:30","slug":"classic-left-sidebar","status":"publish","type":"page","link":"https:\/\/yarnart.info\/ru\/classic-left-sidebar\/","title":{"rendered":"Classic left sidebar"},"content":{"rendered":"<div class=\"wpb-content-wrapper\">\t<div  class=\"vc_row wpb_row vc_row-fluid blog-masonry vc_custom_1544087693021 ftc-row-wide\"   ><div class=\"left-blog-sidebar ftc-sidebar wpb_column vc_column_container vc_col-sm-4\"><div class=\"wpb_wrapper\"><div  class=\"wpb_widgetised_column wpb_content_element\">\n\t\t<div class=\"wpb_wrapper\">\n\t\t\t\n\t\t\t<section id=\"archives-2\" class=\"widget-container widget_archive\"><div class=\"widget-title-wrapper\"><a class=\"block-control\" href=\"javascript:void(0)\"><\/a><h3 class=\"widget-title product_title\">\u0410\u0440\u0445\u0438\u0432\u044b<\/h3><\/div>\n\t\t\t<ul>\n\t\t\t\t\t<li><a href='https:\/\/yarnart.info\/ru\/2021\/05\/'>\u041c\u0430\u0439 2021<\/a><\/li>\n\t<li><a href='https:\/\/yarnart.info\/ru\/2020\/10\/'>\u041e\u043a\u0442\u044f\u0431\u0440\u044c 2020<\/a><\/li>\n\t\t\t<\/ul>\n\n\t\t\t<\/section><section id=\"categories-2\" class=\"widget-container widget_categories\"><div class=\"widget-title-wrapper\"><a class=\"block-control\" href=\"javascript:void(0)\"><\/a><h3 class=\"widget-title product_title\">\u0420\u0443\u0431\u0440\u0438\u043a\u0438<\/h3><\/div>\n\t\t\t<ul>\n\t\t\t\t\t<li class=\"cat-item cat-item-1\"><a href=\"https:\/\/yarnart.info\/ru\/category\/genel\/\">Genel<\/a>\n<\/li>\n\t\t\t<\/ul>\n\n\t\t\t<\/section><section id=\"meta-2\" class=\"widget-container widget_meta\"><div class=\"widget-title-wrapper\"><a class=\"block-control\" href=\"javascript:void(0)\"><\/a><h3 class=\"widget-title product_title\">\u041c\u0435\u0442\u0430<\/h3><\/div>\n\t\t<ul>\n\t\t\t\t\t\t<li><a rel=\"nofollow\" href=\"https:\/\/yarnart.info\/wp-login.php\">\u0412\u043e\u0439\u0442\u0438<\/a><\/li>\n\t\t\t<li><a href=\"https:\/\/yarnart.info\/ru\/feed\/\">\u041b\u0435\u043d\u0442\u0430 \u0437\u0430\u043f\u0438\u0441\u0435\u0439<\/a><\/li>\n\t\t\t<li><a href=\"https:\/\/yarnart.info\/ru\/comments\/feed\/\">\u041b\u0435\u043d\u0442\u0430 \u043a\u043e\u043c\u043c\u0435\u043d\u0442\u0430\u0440\u0438\u0435\u0432<\/a><\/li>\n\n\t\t\t<li><a href=\"https:\/\/ru.wordpress.org\/\">WordPress.org<\/a><\/li>\n\t\t<\/ul>\n\n\t\t<\/section><section id=\"search-1\" class=\"widget-container widget_search\">\n<form role=\"search\" method=\"get\" class=\"search-form\" action=\"https:\/\/yarnart.info\/ru\/\" data-trp-original-action=\"https:\/\/yarnart.info\/ru\/\">\n    <label for=\"search-form-69f42b81e53c0\">\n\t\t<span class=\"screen-reader-text\">Search for:<\/span>\n\t<\/label>\n    <input type=\"search\" id=\"search-form-69f42b81e53c0\" class=\"search-field\" placeholder=\"Search &hellip;\" value=\"\" name=\"s\" data-swplive=\"true\" data-swpengine=\"default\" data-swpconfig=\"default\" \/>\n\t<button type=\"submit\" class=\"search-submit\"><svg class=\"icon icon-search\" aria-hidden=\"true\" role=\"img\"> <use href=\"#icon-search\" xlink:href=\"#icon-search\"><\/use> <\/svg><span class=\"screen-reader-text\">Search<\/span><\/button>\n<input type=\"hidden\" name=\"trp-form-language\" value=\"ru\"\/><\/form>\n<\/section><section id=\"ftc_blogs-1\" class=\"widget-container ftc-blogs-widget\"><div class=\"widget-title-wrapper\"><a class=\"block-control\" href=\"javascript:void(0)\"><\/a><h3 class=\"widget-title product_title\">Recent Posts<\/h3><\/div>\t\t\t\t<div class=\"ftc_blog_widget\">\r\n\t\t\t\t\t\t\t\t\t\t\t\t\t\t\t\t\t\r\n\t\t\t\t\t\t\t<ul class=\"post_list_widget\">\r\n\t\t\t\t\t\t\t\t\t\t\t\t\t<li>\r\n\t\t\t\t\t\t\t\t\t\t\t\t\t\t\t\t\t\t\t\t\t\t\t\t\t\t\t<a class=\"blog-image\" href=\"https:\/\/yarnart.info\/ru\/merhaba-dunya\/\">\r\n\t\t\t\t\t\t\t\t\t\t\t\t<img loading=\"lazy\" decoding=\"async\" width=\"370\" height=\"250\" src=\"https:\/\/yarnart.info\/wp-content\/uploads\/2021\/05\/blog1.png\" class=\"attachment-ftc_blog_shortcode_thumb size-ftc_blog_shortcode_thumb wp-post-image\" alt=\"\" srcset=\"https:\/\/yarnart.info\/wp-content\/uploads\/2021\/05\/blog1.png 370w, https:\/\/yarnart.info\/wp-content\/uploads\/2021\/05\/blog1-300x203.png 300w\" sizes=\"auto, (max-width: 370px) 100vw, 370px\" \/>\t\t\t\t\t\t\t\t\t\t<\/a>\r\n\t\t\t\t\t\t\t\t\t\t\t\t\t\t\t\t\t\t\t\t\t\t\t\t\t\r\n\t\t\t\t\t\t\t\t\t\t\t\t\t\t\t\t\r\n\t\t\t\t\t\t\t\t\t\t\t\t\t\t\t\t\t\t\r\n\t\t\t\t\t\t\t\t\t\t\t\t\t\t\t\t\t\t<a href=\"https:\/\/yarnart.info\/ru\/merhaba-dunya\/\" class=\"post-title\">\r\n\t\t\t\t\t\t\t\t\t\tYarnArt yeni \u00fcr\u00fcnlerini tan\u0131tt\u0131!\t\t\t\t\t\t\t\t\t<\/a>\r\n\t\t\t\t\t\t\t\t\t\t\t\t\t\t\t\t\t\t\r\n\t\t\t\t\t\t\t\t\t\t\t\t\t\t\t\t\t\t\r\n\t\t\t\t\t\t\t\t\t\t\t\t\t\t\t\t\t\t<div class=\"ftc-widget-post-content\">\r\n\t\t\t\t\t\t\t\t\t\r\n\t\t\t\t\t\t\t\t\t\t\t\t\t\t\t\t\t\t\t\t<div class=\"date-time\">\r\n\t\t\t\t\t\t\t\t\t\t\t<i class=\"fa fa-calendar\"><\/i>\r\n\t\t\t\t\t\t\t\t\t\t\t5 \u043c\u0430\u044f 2021\t\t\t\t\t\t\t\t\t\t<\/div>\r\n\t\t\t\t\t\t\t\t\t\t\t\t\t\t\t\t\t\t\t\t\r\n\t\t\t\t\t\t\t\t\t\t\t\t\t\t\t\t\t\t\t\t\r\n\t\t\t\t\t\t\t\t\t\t\t\t\t\t\t\t\t\t\t<\/div>\r\n\t\t\t\t\t\t\t\t\t\t\t\t\t\t\t\t\t\t\r\n\t\t\t\t\t\t\t\t\t\t\t\t\t\t\t\t\r\n\t\t\t\t\t\t\t<\/li>\r\n\t\t\t\t\t\t\t\t\t\t\t\t\t\t\t\t\t\t\t\t\t\t\t\t<li>\r\n\t\t\t\t\t\t\t\t\t\t\t\t\t\t\t\t\t\t\t\t\t\t\t\t\t\t\t<a class=\"blog-image\" href=\"https:\/\/yarnart.info\/ru\/the-best-blog-post-dummy-title-2020-3\/\">\r\n\t\t\t\t\t\t\t\t\t\t\t\t<img loading=\"lazy\" decoding=\"async\" width=\"370\" height=\"250\" src=\"https:\/\/yarnart.info\/wp-content\/uploads\/2020\/10\/blog3-1.jpg\" class=\"attachment-ftc_blog_shortcode_thumb size-ftc_blog_shortcode_thumb wp-post-image\" alt=\"\" srcset=\"https:\/\/yarnart.info\/wp-content\/uploads\/2020\/10\/blog3-1.jpg 370w, https:\/\/yarnart.info\/wp-content\/uploads\/2020\/10\/blog3-1-300x203.jpg 300w\" sizes=\"auto, (max-width: 370px) 100vw, 370px\" \/>\t\t\t\t\t\t\t\t\t\t<\/a>\r\n\t\t\t\t\t\t\t\t\t\t\t\t\t\t\t\t\t\t\t\t\t\t\t\t\t\r\n\t\t\t\t\t\t\t\t\t\t\t\t\t\t\t\t\r\n\t\t\t\t\t\t\t\t\t\t\t\t\t\t\t\t\t\t\r\n\t\t\t\t\t\t\t\t\t\t\t\t\t\t\t\t\t\t<a href=\"https:\/\/yarnart.info\/ru\/the-best-blog-post-dummy-title-2020-3\/\" class=\"post-title\">\r\n\t\t\t\t\t\t\t\t\t\tYarnArt yeni \u00fcr\u00fcnlerini tan\u0131tt\u0131!\t\t\t\t\t\t\t\t\t<\/a>\r\n\t\t\t\t\t\t\t\t\t\t\t\t\t\t\t\t\t\t\r\n\t\t\t\t\t\t\t\t\t\t\t\t\t\t\t\t\t\t\r\n\t\t\t\t\t\t\t\t\t\t\t\t\t\t\t\t\t\t<div class=\"ftc-widget-post-content\">\r\n\t\t\t\t\t\t\t\t\t\r\n\t\t\t\t\t\t\t\t\t\t\t\t\t\t\t\t\t\t\t\t<div class=\"date-time\">\r\n\t\t\t\t\t\t\t\t\t\t\t<i class=\"fa fa-calendar\"><\/i>\r\n\t\t\t\t\t\t\t\t\t\t\t10 \u043e\u043a\u0442\u044f\u0431\u0440\u044f 2020\t\t\t\t\t\t\t\t\t\t<\/div>\r\n\t\t\t\t\t\t\t\t\t\t\t\t\t\t\t\t\t\t\t\t\r\n\t\t\t\t\t\t\t\t\t\t\t\t\t\t\t\t\t\t\t\t\r\n\t\t\t\t\t\t\t\t\t\t\t\t\t\t\t\t\t\t\t<\/div>\r\n\t\t\t\t\t\t\t\t\t\t\t\t\t\t\t\t\t\t\r\n\t\t\t\t\t\t\t\t\t\t\t\t\t\t\t\t\r\n\t\t\t\t\t\t\t<\/li>\r\n\t\t\t\t\t\t\t\t\t\t\t\t\t\t\t\t\t\t\t\t\t\t\t\t<li>\r\n\t\t\t\t\t\t\t\t\t\t\t\t\t\t\t\t\t\t\t\t\t\t\t\t\t\t\t<a class=\"blog-image\" href=\"https:\/\/yarnart.info\/ru\/the-best-blog-post-dummy-title-2020-2\/\">\r\n\t\t\t\t\t\t\t\t\t\t\t\t<img loading=\"lazy\" decoding=\"async\" width=\"370\" height=\"250\" src=\"https:\/\/yarnart.info\/wp-content\/uploads\/2020\/10\/blog2.png\" class=\"attachment-ftc_blog_shortcode_thumb size-ftc_blog_shortcode_thumb wp-post-image\" alt=\"\" srcset=\"https:\/\/yarnart.info\/wp-content\/uploads\/2020\/10\/blog2.png 370w, https:\/\/yarnart.info\/wp-content\/uploads\/2020\/10\/blog2-300x203.png 300w\" sizes=\"auto, (max-width: 370px) 100vw, 370px\" \/>\t\t\t\t\t\t\t\t\t\t<\/a>\r\n\t\t\t\t\t\t\t\t\t\t\t\t\t\t\t\t\t\t\t\t\t\t\t\t\t\r\n\t\t\t\t\t\t\t\t\t\t\t\t\t\t\t\t\r\n\t\t\t\t\t\t\t\t\t\t\t\t\t\t\t\t\t\t\r\n\t\t\t\t\t\t\t\t\t\t\t\t\t\t\t\t\t\t<a href=\"https:\/\/yarnart.info\/ru\/the-best-blog-post-dummy-title-2020-2\/\" class=\"post-title\">\r\n\t\t\t\t\t\t\t\t\t\tYarnArt yeni \u00fcr\u00fcnlerini tan\u0131tt\u0131!\t\t\t\t\t\t\t\t\t<\/a>\r\n\t\t\t\t\t\t\t\t\t\t\t\t\t\t\t\t\t\t\r\n\t\t\t\t\t\t\t\t\t\t\t\t\t\t\t\t\t\t\r\n\t\t\t\t\t\t\t\t\t\t\t\t\t\t\t\t\t\t<div class=\"ftc-widget-post-content\">\r\n\t\t\t\t\t\t\t\t\t\r\n\t\t\t\t\t\t\t\t\t\t\t\t\t\t\t\t\t\t\t\t<div class=\"date-time\">\r\n\t\t\t\t\t\t\t\t\t\t\t<i class=\"fa fa-calendar\"><\/i>\r\n\t\t\t\t\t\t\t\t\t\t\t10 \u043e\u043a\u0442\u044f\u0431\u0440\u044f 2020\t\t\t\t\t\t\t\t\t\t<\/div>\r\n\t\t\t\t\t\t\t\t\t\t\t\t\t\t\t\t\t\t\t\t\r\n\t\t\t\t\t\t\t\t\t\t\t\t\t\t\t\t\t\t\t\t\r\n\t\t\t\t\t\t\t\t\t\t\t\t\t\t\t\t\t\t\t<\/div>\r\n\t\t\t\t\t\t\t\t\t\t\t\t\t\t\t\t\t\t\r\n\t\t\t\t\t\t\t\t\t\t\t\t\t\t\t\t\r\n\t\t\t\t\t\t\t<\/li>\r\n\t\t\t\t\t\t\t\r\n\t\t\t\t\t\t\t<\/ul>\r\n\t\t\t\t\t\t\r\n\t\t\t\t\t\t\t\t\t\t\t\t\t\t\t<\/div>\r\n\t\t\t\t\r\n\t\t\t\t<\/section><section id=\"text-1\" class=\"widget-container widget_text\"><div class=\"widget-title-wrapper\"><a class=\"block-control\" href=\"javascript:void(0)\"><\/a><h3 class=\"widget-title product_title\">Instagram<\/h3><\/div>\t\t\t<div class=\"textwidget\">\n\t\t<ul class=\"ftc-gallery-instagram columns-3\"><li class=\"images\"><a href=\"https:\/\/instagram.com\/themeftc\"><img decoding=\"async\" src=\"https:\/\/yarnart.info\/wp-content\/uploads\/2020\/10\/i1.jpg\" alt=\"themeftc\" title=\"Instagramthemeftc\"><\/a><\/li><li class=\"images\"><a href=\"https:\/\/instagram.com\/themeftc\"><img decoding=\"async\" src=\"https:\/\/yarnart.info\/wp-content\/uploads\/2020\/10\/i2.jpg\" alt=\"themeftc\" title=\"Instagramthemeftc\"><\/a><\/li><li class=\"images\"><a href=\"https:\/\/instagram.com\/themeftc\"><img decoding=\"async\" src=\"https:\/\/yarnart.info\/wp-content\/uploads\/2020\/10\/i3.jpg\" alt=\"themeftc\" title=\"Instagramthemeftc\"><\/a><\/li><li class=\"images\"><a href=\"https:\/\/instagram.com\/themeftc\"><img decoding=\"async\" src=\"https:\/\/yarnart.info\/wp-content\/uploads\/2020\/10\/i4.jpg\" alt=\"themeftc\" title=\"Instagramthemeftc\"><\/a><\/li><li class=\"images\"><a href=\"https:\/\/instagram.com\/themeftc\"><img decoding=\"async\" src=\"https:\/\/yarnart.info\/wp-content\/uploads\/2020\/10\/i5.jpg\" alt=\"themeftc\" title=\"Instagramthemeftc\"><\/a><\/li><li class=\"images\"><a href=\"https:\/\/instagram.com\/themeftc\"><img decoding=\"async\" src=\"https:\/\/yarnart.info\/wp-content\/uploads\/2020\/10\/it6.jpg\" alt=\"themeftc\" title=\"Instagramthemeftc\"><\/a><\/li><\/ul>\n<\/div>\n\t\t<\/section>\n\t\t<\/div>\n\t<\/div>\n<\/div><\/div><div class=\"wpb_column vc_column_container vc_col-sm-8\"><div class=\"wpb_wrapper\"><\/div><\/div><\/div>\n<\/div>","protected":false},"excerpt":{"rendered":"Lorem Ipsum\u00a0is simply dummy text of the printing and typesetting industry. Lorem Ipsum has been the industry's standard dummy text ever since the 1500s, when an unknown printer took a galley of type and scrambled it to make a type specimen book. It has survived not only five centuries, but also the leap into electronic &hellip; <p class=\"link-more\"><a href=\"https:\/\/yarnart.info\/ru\/the-best-blog-post-dummy-title-2020-2\/\" class=\"more-link\">Continue reading<span class=\"screen-reader-text\"> \"YarnArt yeni \u00fcr\u00fcnlerini tan\u0131tt\u0131!\"<\/span><\/a><\/p>","protected":false},"author":1,"featured_media":0,"parent":0,"menu_order":0,"comment_status":"closed","ping_status":"closed","template":"","meta":{"inline_featured_image":false,"footnotes":""},"class_list":["post-3935","page","type-page","status-publish","hentry"],"yoast_head":"<!-- This site is optimized with the Yoast SEO plugin v26.7 - https:\/\/yoast.com\/wordpress\/plugins\/seo\/ -->\n<title>Classic left sidebar - YarnArt<\/title>\n<meta name=\"robots\" content=\"index, follow, max-snippet:-1, max-image-preview:large, max-video-preview:-1\" \/>\n<link rel=\"canonical\" href=\"https:\/\/yarnart.info\/ru\/classic-left-sidebar\/\" \/>\n<meta property=\"og:locale\" content=\"ru_RU\" \/>\n<meta property=\"og:type\" content=\"article\" \/>\n<meta property=\"og:title\" content=\"Classic left sidebar - YarnArt\" \/>\n<meta property=\"og:url\" content=\"https:\/\/yarnart.info\/ru\/classic-left-sidebar\/\" \/>\n<meta property=\"og:site_name\" content=\"YarnArt\" \/>\n<meta name=\"twitter:card\" content=\"summary_large_image\" \/>\n<meta name=\"twitter:label1\" content=\"\u041f\u0440\u0438\u043c\u0435\u0440\u043d\u043e\u0435 \u0432\u0440\u0435\u043c\u044f \u0434\u043b\u044f \u0447\u0442\u0435\u043d\u0438\u044f\" \/>\n\t<meta name=\"twitter:data1\" content=\"1 \u043c\u0438\u043d\u0443\u0442\u0430\" \/>\n<script type=\"application\/ld+json\" class=\"yoast-schema-graph\">{\"@context\":\"https:\/\/schema.org\",\"@graph\":[{\"@type\":\"WebPage\",\"@id\":\"https:\/\/yarnart.info\/classic-left-sidebar\/\",\"url\":\"https:\/\/yarnart.info\/classic-left-sidebar\/\",\"name\":\"Classic left sidebar - YarnArt\",\"isPartOf\":{\"@id\":\"https:\/\/yarnart.info\/#website\"},\"datePublished\":\"2018-11-20T03:51:30+00:00\",\"breadcrumb\":{\"@id\":\"https:\/\/yarnart.info\/classic-left-sidebar\/#breadcrumb\"},\"inLanguage\":\"ru-RU\",\"potentialAction\":[{\"@type\":\"ReadAction\",\"target\":[\"https:\/\/yarnart.info\/classic-left-sidebar\/\"]}]},{\"@type\":\"BreadcrumbList\",\"@id\":\"https:\/\/yarnart.info\/classic-left-sidebar\/#breadcrumb\",\"itemListElement\":[{\"@type\":\"ListItem\",\"position\":1,\"name\":\"Anasayfa\",\"item\":\"https:\/\/yarnart.info\/\"},{\"@type\":\"ListItem\",\"position\":2,\"name\":\"Classic left sidebar\"}]},{\"@type\":\"WebSite\",\"@id\":\"https:\/\/yarnart.info\/#website\",\"url\":\"https:\/\/yarnart.info\/\",\"name\":\"YarnArt\",\"description\":\"\",\"potentialAction\":[{\"@type\":\"SearchAction\",\"target\":{\"@type\":\"EntryPoint\",\"urlTemplate\":\"https:\/\/yarnart.info\/?s={search_term_string}\"},\"query-input\":{\"@type\":\"PropertyValueSpecification\",\"valueRequired\":true,\"valueName\":\"search_term_string\"}}],\"inLanguage\":\"ru-RU\"}]}<\/script>\n<!-- \/ Yoast SEO plugin. -->","yoast_head_json":{"title":"Classic left sidebar - YarnArt","robots":{"index":"index","follow":"follow","max-snippet":"max-snippet:-1","max-image-preview":"max-image-preview:large","max-video-preview":"max-video-preview:-1"},"canonical":"https:\/\/yarnart.info\/ru\/classic-left-sidebar\/","og_locale":"ru_RU","og_type":"article","og_title":"Classic left sidebar - YarnArt","og_url":"https:\/\/yarnart.info\/ru\/classic-left-sidebar\/","og_site_name":"YarnArt","twitter_card":"summary_large_image","twitter_misc":{"\u041f\u0440\u0438\u043c\u0435\u0440\u043d\u043e\u0435 \u0432\u0440\u0435\u043c\u044f \u0434\u043b\u044f \u0447\u0442\u0435\u043d\u0438\u044f":"1 \u043c\u0438\u043d\u0443\u0442\u0430"},"schema":{"@context":"https:\/\/schema.org","@graph":[{"@type":"WebPage","@id":"https:\/\/yarnart.info\/classic-left-sidebar\/","url":"https:\/\/yarnart.info\/classic-left-sidebar\/","name":"Classic left sidebar - YarnArt","isPartOf":{"@id":"https:\/\/yarnart.info\/#website"},"datePublished":"2018-11-20T03:51:30+00:00","breadcrumb":{"@id":"https:\/\/yarnart.info\/classic-left-sidebar\/#breadcrumb"},"inLanguage":"ru-RU","potentialAction":[{"@type":"ReadAction","target":["https:\/\/yarnart.info\/classic-left-sidebar\/"]}]},{"@type":"BreadcrumbList","@id":"https:\/\/yarnart.info\/classic-left-sidebar\/#breadcrumb","itemListElement":[{"@type":"ListItem","position":1,"name":"Anasayfa","item":"https:\/\/yarnart.info\/"},{"@type":"ListItem","position":2,"name":"Classic left sidebar"}]},{"@type":"WebSite","@id":"https:\/\/yarnart.info\/#website","url":"https:\/\/yarnart.info\/","name":"YarnArt","description":"","potentialAction":[{"@type":"SearchAction","target":{"@type":"EntryPoint","urlTemplate":"https:\/\/yarnart.info\/?s={search_term_string}"},"query-input":{"@type":"PropertyValueSpecification","valueRequired":true,"valueName":"search_term_string"}}],"inLanguage":"ru-RU"}]}},"_links":{"self":[{"href":"https:\/\/yarnart.info\/ru\/wp-json\/wp\/v2\/pages\/3935","targetHints":{"allow":["GET"]}}],"collection":[{"href":"https:\/\/yarnart.info\/ru\/wp-json\/wp\/v2\/pages"}],"about":[{"href":"https:\/\/yarnart.info\/ru\/wp-json\/wp\/v2\/types\/page"}],"author":[{"embeddable":true,"href":"https:\/\/yarnart.info\/ru\/wp-json\/wp\/v2\/users\/1"}],"replies":[{"embeddable":true,"href":"https:\/\/yarnart.info\/ru\/wp-json\/wp\/v2\/comments?post=3935"}],"version-history":[{"count":0,"href":"https:\/\/yarnart.info\/ru\/wp-json\/wp\/v2\/pages\/3935\/revisions"}],"wp:attachment":[{"href":"https:\/\/yarnart.info\/ru\/wp-json\/wp\/v2\/media?parent=3935"}],"curies":[{"name":"wp","href":"https:\/\/api.w.org\/{rel}","templated":true}]}}