{"id":742,"date":"2017-03-20T01:57:25","date_gmt":"2017-03-20T01:57:25","guid":{"rendered":"http:\/\/yarnart.infoo\/?page_id=742"},"modified":"2021-08-17T12:55:41","modified_gmt":"2021-08-17T09:55:41","slug":"hakkimizda","status":"publish","type":"page","link":"https:\/\/yarnart.info\/ru\/hakkimizda\/","title":{"rendered":"\u041e \u043d\u0430\u0441"},"content":{"rendered":"<div class=\"wpb-content-wrapper\">\t<div  class=\"vc_row wpb_row vc_row-fluid ftc-row-wide\"   ><div class=\"wpb_column vc_column_container vc_col-sm-8\"><div class=\"wpb_wrapper\"><h2 style=\"text-align: left\" class=\"vc_custom_heading vc_do_custom_heading\" >\u041e\u0431\u043d\u043e\u0432\u043b\u0435\u043d\u043d\u044b\u0439 \u0441\u0430\u0439\u0442 \u043f\u0440\u044f\u0436\u0438 \u0442\u043e\u0440\u0433\u043e\u0432\u043e\u0439 \u043c\u0430\u0440\u043a\u0438 yarnart \u043f\u0440\u0438\u0432\u0435\u0442\u0441\u0442\u0432\u0443\u0435\u0442 \u0432\u0430\u0441!<\/h2><div class=\"vc_empty_space\"   style=\"height: 35px\"><span class=\"vc_empty_space_inner\"><\/span><\/div>\n\t<div class=\"wpb_text_column wpb_content_element vc_custom_1629194139132\" >\n\t\t<div class=\"wpb_wrapper\">\n\t\t\t<p>1993 y\u0131l\u0131ndan bu yana el \u00f6rg\u00fc ipli\u011fi alan\u0131nda faaliyet g\u00f6steren Dem \u0130plik ve Tekstil Tic. San. Ltd. \u015eti. , 2003 y\u0131l\u0131nda YarnArt markas\u0131 alt\u0131nda \u00fcr\u00fcnlerini birle\u015ftirmi\u015ftir.<\/p>\n<p>S\u00fcrekli geli\u015fimi ve s\u00fcrd\u00fcr\u00fclebilirli\u011fi esas alan firmam\u0131z, m\u00fc\u015fteri geri bildirimlerini de de\u011ferlendirerek klasik el \u00f6rg\u00fc ipliklerinin yan\u0131 s\u0131ra fantezi iplik alan\u0131nda geli\u015ftirdi\u011fi yeni \u00e7e\u015fitlerle sekt\u00f6re y\u00f6n vermektedir.<\/p>\n<p>Sat\u0131\u015f\u0131n\u0131n % 80\u2019ini 5 k\u0131taya ihra\u00e7 eden Dem \u0130plik ve Tekstil Tic. San. Ltd. \u015eti. 110\u2019u a\u015fk\u0131n \u00fcr\u00fcn \u00e7e\u015fidi ve 3000\u2019e varan renk yelpazesi ile her ihtiyaca uygun \u00fcr\u00fcnlerini m\u00fc\u015fterilerinin be\u011fenisine sunmaktad\u0131r.<\/p>\n\n\t\t<\/div>\n\t<\/div>\n<\/div><\/div><div class=\"wpb_column vc_column_container vc_col-sm-4\"><div class=\"wpb_wrapper\">\n\t<div  class=\"wpb_single_image wpb_content_element vc_align_left wpb_content_element\">\n\t\t\n\t\t<figure class=\"wpb_wrapper vc_figure\">\n\t\t\t<div class=\"vc_single_image-wrapper   vc_box_border_grey\"><img loading=\"lazy\" decoding=\"async\" width=\"618\" height=\"376\" src=\"https:\/\/yarnart.info\/wp-content\/uploads\/2021\/08\/about-us.png\" class=\"vc_single_image-img attachment-full\" alt=\"\" title=\"about-us\" srcset=\"https:\/\/yarnart.info\/wp-content\/uploads\/2021\/08\/about-us.png 618w, https:\/\/yarnart.info\/wp-content\/uploads\/2021\/08\/about-us-300x183.png 300w, https:\/\/yarnart.info\/wp-content\/uploads\/2021\/08\/about-us-16x10.png 16w, https:\/\/yarnart.info\/wp-content\/uploads\/2021\/08\/about-us-600x365.png 600w\" sizes=\"auto, (max-width: 618px) 100vw, 618px\" \/><\/div>\n\t\t<\/figure>\n\t<\/div>\n<\/div><\/div><\/div>\n<\/div>","protected":false},"excerpt":{"rendered":"YarnArt Hakk\u0131nda 1993 y\u0131l\u0131ndan bu yana el \u00f6rg\u00fc ipli\u011fi alan\u0131nda faaliyet g\u00f6steren Dem \u0130plik ve Tekstil Tic. San. Ltd. \u015eti. , 2003 y\u0131l\u0131nda YarnArt markas\u0131 alt\u0131nda \u00fcr\u00fcnlerini birle\u015ftirmi\u015ftir. S\u00fcrekli geli\u015fimi ve s\u00fcrd\u00fcr\u00fclebilirli\u011fi esas alan firmam\u0131z, m\u00fc\u015fteri geri bildirimlerini de de\u011ferlendirerek klasik el \u00f6rg\u00fc ipliklerinin yan\u0131 s\u0131ra fantezi iplik alan\u0131nda geli\u015ftirdi\u011fi yeni \u00e7e\u015fitlerle sekt\u00f6re y\u00f6n vermektedir. &hellip; <p class=\"link-more\"><a href=\"https:\/\/yarnart.info\/ru\/hakkimizda\/\" class=\"more-link\">Continue reading<span class=\"screen-reader-text\"> \"Hakk\u0131m\u0131zda\"<\/span><\/a><\/p>","protected":false},"author":1,"featured_media":0,"parent":0,"menu_order":0,"comment_status":"closed","ping_status":"closed","template":"","meta":{"inline_featured_image":false,"footnotes":""},"class_list":["post-742","page","type-page","status-publish","hentry"],"yoast_head":"<!-- This site is optimized with the Yoast SEO plugin v26.7 - https:\/\/yoast.com\/wordpress\/plugins\/seo\/ -->\n<title>Hakk\u0131m\u0131zda - YarnArt<\/title>\n<meta name=\"robots\" content=\"index, follow, max-snippet:-1, max-image-preview:large, max-video-preview:-1\" \/>\n<link rel=\"canonical\" href=\"https:\/\/yarnart.info\/ru\/hakkimizda\/\" \/>\n<meta property=\"og:locale\" content=\"ru_RU\" \/>\n<meta property=\"og:type\" content=\"article\" \/>\n<meta property=\"og:title\" content=\"Hakk\u0131m\u0131zda - YarnArt\" \/>\n<meta property=\"og:url\" content=\"https:\/\/yarnart.info\/ru\/hakkimizda\/\" \/>\n<meta property=\"og:site_name\" content=\"YarnArt\" \/>\n<meta property=\"article:modified_time\" content=\"2021-08-17T09:55:41+00:00\" \/>\n<meta name=\"twitter:card\" content=\"summary_large_image\" \/>\n<meta name=\"twitter:label1\" content=\"\u041f\u0440\u0438\u043c\u0435\u0440\u043d\u043e\u0435 \u0432\u0440\u0435\u043c\u044f \u0434\u043b\u044f \u0447\u0442\u0435\u043d\u0438\u044f\" \/>\n\t<meta name=\"twitter:data1\" content=\"1 \u043c\u0438\u043d\u0443\u0442\u0430\" \/>\n<script type=\"application\/ld+json\" class=\"yoast-schema-graph\">{\"@context\":\"https:\/\/schema.org\",\"@graph\":[{\"@type\":\"WebPage\",\"@id\":\"https:\/\/yarnart.info\/hakkimizda\/\",\"url\":\"https:\/\/yarnart.info\/hakkimizda\/\",\"name\":\"Hakk\u0131m\u0131zda - YarnArt\",\"isPartOf\":{\"@id\":\"https:\/\/yarnart.info\/#website\"},\"datePublished\":\"2017-03-20T01:57:25+00:00\",\"dateModified\":\"2021-08-17T09:55:41+00:00\",\"breadcrumb\":{\"@id\":\"https:\/\/yarnart.info\/hakkimizda\/#breadcrumb\"},\"inLanguage\":\"ru-RU\",\"potentialAction\":[{\"@type\":\"ReadAction\",\"target\":[\"https:\/\/yarnart.info\/hakkimizda\/\"]}]},{\"@type\":\"BreadcrumbList\",\"@id\":\"https:\/\/yarnart.info\/hakkimizda\/#breadcrumb\",\"itemListElement\":[{\"@type\":\"ListItem\",\"position\":1,\"name\":\"Anasayfa\",\"item\":\"https:\/\/yarnart.info\/\"},{\"@type\":\"ListItem\",\"position\":2,\"name\":\"Hakk\u0131m\u0131zda\"}]},{\"@type\":\"WebSite\",\"@id\":\"https:\/\/yarnart.info\/#website\",\"url\":\"https:\/\/yarnart.info\/\",\"name\":\"YarnArt\",\"description\":\"\",\"potentialAction\":[{\"@type\":\"SearchAction\",\"target\":{\"@type\":\"EntryPoint\",\"urlTemplate\":\"https:\/\/yarnart.info\/?s={search_term_string}\"},\"query-input\":{\"@type\":\"PropertyValueSpecification\",\"valueRequired\":true,\"valueName\":\"search_term_string\"}}],\"inLanguage\":\"ru-RU\"}]}<\/script>\n<!-- \/ Yoast SEO plugin. -->","yoast_head_json":{"title":"Hakk\u0131m\u0131zda - YarnArt","robots":{"index":"index","follow":"follow","max-snippet":"max-snippet:-1","max-image-preview":"max-image-preview:large","max-video-preview":"max-video-preview:-1"},"canonical":"https:\/\/yarnart.info\/ru\/hakkimizda\/","og_locale":"ru_RU","og_type":"article","og_title":"Hakk\u0131m\u0131zda - YarnArt","og_url":"https:\/\/yarnart.info\/ru\/hakkimizda\/","og_site_name":"YarnArt","article_modified_time":"2021-08-17T09:55:41+00:00","twitter_card":"summary_large_image","twitter_misc":{"\u041f\u0440\u0438\u043c\u0435\u0440\u043d\u043e\u0435 \u0432\u0440\u0435\u043c\u044f \u0434\u043b\u044f \u0447\u0442\u0435\u043d\u0438\u044f":"1 \u043c\u0438\u043d\u0443\u0442\u0430"},"schema":{"@context":"https:\/\/schema.org","@graph":[{"@type":"WebPage","@id":"https:\/\/yarnart.info\/hakkimizda\/","url":"https:\/\/yarnart.info\/hakkimizda\/","name":"Hakk\u0131m\u0131zda - YarnArt","isPartOf":{"@id":"https:\/\/yarnart.info\/#website"},"datePublished":"2017-03-20T01:57:25+00:00","dateModified":"2021-08-17T09:55:41+00:00","breadcrumb":{"@id":"https:\/\/yarnart.info\/hakkimizda\/#breadcrumb"},"inLanguage":"ru-RU","potentialAction":[{"@type":"ReadAction","target":["https:\/\/yarnart.info\/hakkimizda\/"]}]},{"@type":"BreadcrumbList","@id":"https:\/\/yarnart.info\/hakkimizda\/#breadcrumb","itemListElement":[{"@type":"ListItem","position":1,"name":"Anasayfa","item":"https:\/\/yarnart.info\/"},{"@type":"ListItem","position":2,"name":"Hakk\u0131m\u0131zda"}]},{"@type":"WebSite","@id":"https:\/\/yarnart.info\/#website","url":"https:\/\/yarnart.info\/","name":"YarnArt","description":"","potentialAction":[{"@type":"SearchAction","target":{"@type":"EntryPoint","urlTemplate":"https:\/\/yarnart.info\/?s={search_term_string}"},"query-input":{"@type":"PropertyValueSpecification","valueRequired":true,"valueName":"search_term_string"}}],"inLanguage":"ru-RU"}]}},"_links":{"self":[{"href":"https:\/\/yarnart.info\/ru\/wp-json\/wp\/v2\/pages\/742","targetHints":{"allow":["GET"]}}],"collection":[{"href":"https:\/\/yarnart.info\/ru\/wp-json\/wp\/v2\/pages"}],"about":[{"href":"https:\/\/yarnart.info\/ru\/wp-json\/wp\/v2\/types\/page"}],"author":[{"embeddable":true,"href":"https:\/\/yarnart.info\/ru\/wp-json\/wp\/v2\/users\/1"}],"replies":[{"embeddable":true,"href":"https:\/\/yarnart.info\/ru\/wp-json\/wp\/v2\/comments?post=742"}],"version-history":[{"count":1,"href":"https:\/\/yarnart.info\/ru\/wp-json\/wp\/v2\/pages\/742\/revisions"}],"predecessor-version":[{"id":16223,"href":"https:\/\/yarnart.info\/ru\/wp-json\/wp\/v2\/pages\/742\/revisions\/16223"}],"wp:attachment":[{"href":"https:\/\/yarnart.info\/ru\/wp-json\/wp\/v2\/media?parent=742"}],"curies":[{"name":"wp","href":"https:\/\/api.w.org\/{rel}","templated":true}]}}